{"id":32,"date":"2024-11-09T20:00:46","date_gmt":"2024-11-09T20:00:46","guid":{"rendered":"https:\/\/abogadolaboralista.com.mx\/AbogadoLaboral\/about\/"},"modified":"2024-11-09T20:22:25","modified_gmt":"2024-11-09T20:22:25","slug":"about","status":"publish","type":"page","link":"https:\/\/abogadolaboralista.com.mx\/AbogadoLaboral\/about\/","title":{"rendered":"About"},"content":{"rendered":"\n<div class=\"wp-block-uagb-container uagb-block-fa2f1646 alignfull uagb-is-root-container\"><div class=\"uagb-container-inner-blocks-wrap\">\n<div class=\"wp-block-uagb-advanced-heading uagb-block-d7c7726a\"><h1 class=\"uagb-heading-text\">Expertos en Derecho Laboral<\/h1><\/div>\n<\/div><\/div>\n\n\n\n<div class=\"wp-block-uagb-container uagb-block-f0d8dae7 alignfull uagb-is-root-container\"><div class=\"uagb-container-inner-blocks-wrap\">\n<div class=\"wp-block-uagb-advanced-heading uagb-block-5898a73e\"><h2 class=\"uagb-heading-text\">En Abogado laboralista, tenemos un s\u00f3lido entendimiento de las complejidades del derecho laboral en M\u00e9xico, comprometidos con la defensa de los derechos de nuestros clientes desde hace a\u00f1os.<\/h2><\/div>\n\n\n\n<div class=\"wp-block-uagb-container uagb-block-39f2abd6\">\n<div class=\"wp-block-uagb-advanced-heading uagb-block-4777fb0f\"><p class=\"uagb-desc-text\">Nuestro equipo est\u00e1 integrado por abogados especializados en derecho laboral con amplia experiencia en asesor\u00eda y representaci\u00f3n legal. Nos enfocamos en ofrecer soluciones personalizadas y efectivas para cada necesidad, respaldados por un profundo conocimiento de la legislaci\u00f3n vigente y las pr\u00e1cticas del mercado.<\/p><\/div>\n\n\n\n<div class=\"wp-block-uagb-advanced-heading uagb-block-933457f2\"><p class=\"uagb-desc-text\">Hemos servido a una amplia variedad de clientes, desde peque\u00f1as empresas hasta grandes corporativos en Quer\u00e9taro. Nuestro compromiso es establecer relaciones laborales justas y duraderas, asegurando la satisfacci\u00f3n y el bienestar de nuestros clientes.<\/p><\/div>\n<\/div>\n\n\n\n<div class=\"wp-block-uagb-image aligncenter uagb-block-e836451d wp-block-uagb-image--layout-default wp-block-uagb-image--effect-static wp-block-uagb-image--align-center\"><figure class=\"wp-block-uagb-image__figure\"><img decoding=\"async\" srcset=\"https:\/\/abogadolaboralista.com.mx\/AbogadoLaboral\/wp-content\/uploads\/2024\/11\/pexels-photo-8112136-1024x683.jpeg ,https:\/\/abogadolaboralista.com.mx\/AbogadoLaboral\/wp-content\/uploads\/2024\/11\/pexels-photo-8112136.jpeg 780w, https:\/\/abogadolaboralista.com.mx\/AbogadoLaboral\/wp-content\/uploads\/2024\/11\/pexels-photo-8112136.jpeg 360w\" sizes=\"auto, (max-width: 480px) 150px\" src=\"https:\/\/abogadolaboralista.com.mx\/AbogadoLaboral\/wp-content\/uploads\/2024\/11\/pexels-photo-8112136-1024x683.jpeg\" alt=\"Close Up Photo of a Person Holding a Clipboard\" class=\"uag-image-25\" width=\"1200\" height=\"450\" title=\"pexels-photo-8112136\" loading=\"lazy\" role=\"img\"\/><\/figure><\/div>\n\n\n\n<div class=\"wp-block-uagb-container uagb-block-18ea64f8\">\n<div class=\"wp-block-uagb-container uagb-block-a52c36c3\">\n<div class=\"wp-block-uagb-advanced-heading uagb-block-e3ca0117\"><div class=\"uagb-heading-text\">01<\/div><\/div>\n\n\n\n<div class=\"wp-block-uagb-advanced-heading uagb-block-59a5961e\"><h3 class=\"uagb-heading-text\">Consultor\u00eda Legal<\/h3><p class=\"uagb-desc-text\">Brindamos una consultor\u00eda integral en derecho laboral, adapt\u00e1ndonos a las necesidades espec\u00edficas de tu negocio en Quer\u00e9taro.<\/p><\/div>\n<\/div>\n\n\n\n<div class=\"wp-block-uagb-container uagb-block-616f99d6\">\n<div class=\"wp-block-uagb-advanced-heading uagb-block-79955c36\"><div class=\"uagb-heading-text\">02<\/div><\/div>\n\n\n\n<div class=\"wp-block-uagb-advanced-heading uagb-block-5e9fe326\"><h3 class=\"uagb-heading-text\">Elaboraci\u00f3n de Contratos<\/h3><p class=\"uagb-desc-text\">Desarrollamos contratos y pol\u00edticas internas que garantizan la conformidad legal y protecci\u00f3n para tu empresa y empleados.<\/p><\/div>\n<\/div>\n\n\n\n<div class=\"wp-block-uagb-container uagb-block-8cb0283e\">\n<div class=\"wp-block-uagb-advanced-heading uagb-block-f510f0da\"><div class=\"uagb-heading-text\">03<\/div><\/div>\n\n\n\n<div class=\"wp-block-uagb-advanced-heading uagb-block-bbc8497f\"><h3 class=\"uagb-heading-text\">Representaci\u00f3n Legal<\/h3><p class=\"uagb-desc-text\">Ofrecemos defensa jur\u00eddica en litigios laborales, garantizando que tus derechos e intereses est\u00e9n protegidos en todo momento.<\/p><\/div>\n<\/div>\n<\/div>\n<\/div><\/div>\n\n\n\n<div class=\"wp-block-uagb-container uagb-block-d41cbdef alignfull uagb-is-root-container\"><div class=\"uagb-container-inner-blocks-wrap\">\n<div class=\"wp-block-uagb-container uagb-block-73c2c3ea\">\n<div class=\"wp-block-uagb-container uagb-block-b8c58042\">\n<div class=\"wp-block-uagb-advanced-heading uagb-block-03d5585c\"><h3 class=\"uagb-heading-text\">Nuestra Visi\u00f3n<\/h3><\/div>\n<\/div>\n\n\n\n<div class=\"wp-block-uagb-container uagb-block-d9d060d2\">\n<div class=\"wp-block-uagb-advanced-heading uagb-block-0f4ea819\"><p class=\"uagb-desc-text\">Ser el despacho de abogados laboristas l\u00edder en Quer\u00e9taro, reconocido por nuestra excelencia en el servicio y compromiso con la justicia laboral.<\/p><\/div>\n<\/div>\n<\/div>\n\n\n\n<div class=\"wp-block-uagb-container uagb-block-87c69055\">\n<div class=\"wp-block-uagb-container uagb-block-244c26d3\">\n<div class=\"wp-block-uagb-advanced-heading uagb-block-5395d84d\"><h3 class=\"uagb-heading-text\">Nuestra Misi\u00f3n<\/h3><\/div>\n<\/div>\n\n\n\n<div class=\"wp-block-uagb-container uagb-block-58b71a15\">\n<div class=\"wp-block-uagb-advanced-heading uagb-block-612e9482\"><p class=\"uagb-desc-text\">Nuestra misi\u00f3n es proporcionar asesor\u00eda legal especializada que optimice las relaciones laborales, garantizando el cumplimiento normativo y la protecci\u00f3n de los derechos laborales de nuestros clientes.<\/p><\/div>\n<\/div>\n<\/div>\n<\/div><\/div>\n\n\n\n<div class=\"wp-block-uagb-container uagb-block-71fea0c9 alignfull uagb-is-root-container\"><div class=\"uagb-container-inner-blocks-wrap\">\n<div class=\"wp-block-uagb-info-box uagb-block-844f8cf1 uagb-infobox__content-wrap  uagb-infobox-icon-above-title uagb-infobox-image-valign-top\"><div class=\"uagb-ifb-content\"><div class=\"uagb-ifb-title-wrap\"><h2 class=\"uagb-ifb-title\">\u00bfListo para Avanzar?<\/h2><\/div><p class=\"uagb-ifb-desc\">Cont\u00e1ctanos hoy mismo y descubre c\u00f3mo podemos ayudarte a optimizar las relaciones laborales de tu empresa.<\/p><div class=\"uagb-ifb-button-wrapper wp-block-button\"><a href=\"\/contact\/\" class=\"uagb-infobox-cta-link wp-block-button__link\" target=\"_self\" rel=\"noopener noreferrer\" onclick=\"return true;\" alt=\"\"><span class=\"uagb-inline-editing\">Cont\u00e1ctanos Ahora<\/span><\/a><\/div><\/div><\/div>\n<\/div><\/div>\n","protected":false},"excerpt":{"rendered":"<p>Expertos en Derecho Laboral En Abogado laboralista, tenemos un s\u00f3lido entendimiento de las complejidades del derecho laboral en M\u00e9xico, comprometidos [&hellip;]<\/p>\n","protected":false},"author":1,"featured_media":0,"parent":0,"menu_order":0,"comment_status":"closed","ping_status":"closed","template":"","meta":{"_uag_custom_page_level_css":"","site-sidebar-layout":"default","site-content-layout":"","ast-site-content-layout":"default","site-content-style":"default","site-sidebar-style":"default","ast-global-header-display":"","ast-banner-title-visibility":"","ast-main-header-display":"","ast-hfb-above-header-display":"","ast-hfb-below-header-display":"","ast-hfb-mobile-header-display":"","site-post-title":"disabled","ast-breadcrumbs-content":"","ast-featured-img":"","footer-sml-layout":"","theme-transparent-header-meta":"enabled","adv-header-id-meta":"","stick-header-meta":"","header-above-stick-meta":"","header-main-stick-meta":"","header-below-stick-meta":"","astra-migrate-meta-layouts":"default","ast-page-background-enabled":"default","ast-page-background-meta":{"desktop":{"background-color":"var(--ast-global-color-4)","background-image":"","background-repeat":"repeat","background-position":"center center","background-size":"auto","background-attachment":"scroll","background-type":"","background-media":"","overlay-type":"","overlay-color":"","overlay-opacity":"","overlay-gradient":""},"tablet":{"background-color":"","background-image":"","background-repeat":"repeat","background-position":"center center","background-size":"auto","background-attachment":"scroll","background-type":"","background-media":"","overlay-type":"","overlay-color":"","overlay-opacity":"","overlay-gradient":""},"mobile":{"background-color":"","background-image":"","background-repeat":"repeat","background-position":"center center","background-size":"auto","background-attachment":"scroll","background-type":"","background-media":"","overlay-type":"","overlay-color":"","overlay-opacity":"","overlay-gradient":""}},"ast-content-background-meta":{"desktop":{"background-color":"var(--ast-global-color-5)","background-image":"","background-repeat":"repeat","background-position":"center center","background-size":"auto","background-attachment":"scroll","background-type":"","background-media":"","overlay-type":"","overlay-color":"","overlay-opacity":"","overlay-gradient":""},"tablet":{"background-color":"var(--ast-global-color-5)","background-image":"","background-repeat":"repeat","background-position":"center center","background-size":"auto","background-attachment":"scroll","background-type":"","background-media":"","overlay-type":"","overlay-color":"","overlay-opacity":"","overlay-gradient":""},"mobile":{"background-color":"var(--ast-global-color-5)","background-image":"","background-repeat":"repeat","background-position":"center center","background-size":"auto","background-attachment":"scroll","background-type":"","background-media":"","overlay-type":"","overlay-color":"","overlay-opacity":"","overlay-gradient":""}},"footnotes":""},"class_list":["post-32","page","type-page","status-publish","hentry"],"yoast_head":"<!-- This site is optimized with the Yoast SEO plugin v24.3 - https:\/\/yoast.com\/wordpress\/plugins\/seo\/ -->\n<title>About - Abogado laboralista<\/title>\n<meta name=\"robots\" content=\"index, follow, max-snippet:-1, max-image-preview:large, max-video-preview:-1\" \/>\n<link rel=\"canonical\" href=\"https:\/\/abogadolaboralista.com.mx\/AbogadoLaboral\/about\/\" \/>\n<meta property=\"og:locale\" content=\"es_MX\" \/>\n<meta property=\"og:type\" content=\"article\" \/>\n<meta property=\"og:title\" content=\"About - Abogado laboralista\" \/>\n<meta property=\"og:description\" content=\"Expertos en Derecho Laboral En Abogado laboralista, tenemos un s\u00f3lido entendimiento de las complejidades del derecho laboral en M\u00e9xico, comprometidos [&hellip;]\" \/>\n<meta property=\"og:url\" content=\"https:\/\/abogadolaboralista.com.mx\/AbogadoLaboral\/about\/\" \/>\n<meta property=\"og:site_name\" content=\"Abogado laboralista\" \/>\n<meta property=\"article:modified_time\" content=\"2024-11-09T20:22:25+00:00\" \/>\n<meta property=\"og:image\" content=\"https:\/\/abogadolaboralista.com.mx\/AbogadoLaboral\/wp-content\/uploads\/2024\/11\/pexels-photo-8112136-1024x683.jpeg\" \/>\n<meta name=\"twitter:card\" content=\"summary_large_image\" \/>\n<meta name=\"twitter:label1\" content=\"Tiempo de lectura\" \/>\n\t<meta name=\"twitter:data1\" content=\"1 minuto\" \/>\n<script type=\"application\/ld+json\" class=\"yoast-schema-graph\">{\"@context\":\"https:\/\/schema.org\",\"@graph\":[{\"@type\":\"WebPage\",\"@id\":\"https:\/\/abogadolaboralista.com.mx\/AbogadoLaboral\/about\/\",\"url\":\"https:\/\/abogadolaboralista.com.mx\/AbogadoLaboral\/about\/\",\"name\":\"About - Abogado laboralista\",\"isPartOf\":{\"@id\":\"https:\/\/abogadolaboralista.com.mx\/AbogadoLaboral\/#website\"},\"primaryImageOfPage\":{\"@id\":\"https:\/\/abogadolaboralista.com.mx\/AbogadoLaboral\/about\/#primaryimage\"},\"image\":{\"@id\":\"https:\/\/abogadolaboralista.com.mx\/AbogadoLaboral\/about\/#primaryimage\"},\"thumbnailUrl\":\"https:\/\/abogadolaboralista.com.mx\/AbogadoLaboral\/wp-content\/uploads\/2024\/11\/pexels-photo-8112136-1024x683.jpeg\",\"datePublished\":\"2024-11-09T20:00:46+00:00\",\"dateModified\":\"2024-11-09T20:22:25+00:00\",\"breadcrumb\":{\"@id\":\"https:\/\/abogadolaboralista.com.mx\/AbogadoLaboral\/about\/#breadcrumb\"},\"inLanguage\":\"es\",\"potentialAction\":[{\"@type\":\"ReadAction\",\"target\":[\"https:\/\/abogadolaboralista.com.mx\/AbogadoLaboral\/about\/\"]}]},{\"@type\":\"ImageObject\",\"inLanguage\":\"es\",\"@id\":\"https:\/\/abogadolaboralista.com.mx\/AbogadoLaboral\/about\/#primaryimage\",\"url\":\"https:\/\/abogadolaboralista.com.mx\/AbogadoLaboral\/wp-content\/uploads\/2024\/11\/pexels-photo-8112136-1024x683.jpeg\",\"contentUrl\":\"https:\/\/abogadolaboralista.com.mx\/AbogadoLaboral\/wp-content\/uploads\/2024\/11\/pexels-photo-8112136-1024x683.jpeg\"},{\"@type\":\"BreadcrumbList\",\"@id\":\"https:\/\/abogadolaboralista.com.mx\/AbogadoLaboral\/about\/#breadcrumb\",\"itemListElement\":[{\"@type\":\"ListItem\",\"position\":1,\"name\":\"Inicio\",\"item\":\"https:\/\/abogadolaboralista.com.mx\/AbogadoLaboral\/\"},{\"@type\":\"ListItem\",\"position\":2,\"name\":\"About\"}]},{\"@type\":\"WebSite\",\"@id\":\"https:\/\/abogadolaboralista.com.mx\/AbogadoLaboral\/#website\",\"url\":\"https:\/\/abogadolaboralista.com.mx\/AbogadoLaboral\/\",\"name\":\"Abogado laboralista\",\"description\":\"Solucionamos los problemas laborales que mas afectan a las empresas en M&eacute;xico\",\"potentialAction\":[{\"@type\":\"SearchAction\",\"target\":{\"@type\":\"EntryPoint\",\"urlTemplate\":\"https:\/\/abogadolaboralista.com.mx\/AbogadoLaboral\/?s={search_term_string}\"},\"query-input\":{\"@type\":\"PropertyValueSpecification\",\"valueRequired\":true,\"valueName\":\"search_term_string\"}}],\"inLanguage\":\"es\"}]}<\/script>\n<!-- \/ Yoast SEO plugin. -->","yoast_head_json":{"title":"About - Abogado laboralista","robots":{"index":"index","follow":"follow","max-snippet":"max-snippet:-1","max-image-preview":"max-image-preview:large","max-video-preview":"max-video-preview:-1"},"canonical":"https:\/\/abogadolaboralista.com.mx\/AbogadoLaboral\/about\/","og_locale":"es_MX","og_type":"article","og_title":"About - Abogado laboralista","og_description":"Expertos en Derecho Laboral En Abogado laboralista, tenemos un s\u00f3lido entendimiento de las complejidades del derecho laboral en M\u00e9xico, comprometidos [&hellip;]","og_url":"https:\/\/abogadolaboralista.com.mx\/AbogadoLaboral\/about\/","og_site_name":"Abogado laboralista","article_modified_time":"2024-11-09T20:22:25+00:00","og_image":[{"url":"https:\/\/abogadolaboralista.com.mx\/AbogadoLaboral\/wp-content\/uploads\/2024\/11\/pexels-photo-8112136-1024x683.jpeg","type":"","width":"","height":""}],"twitter_card":"summary_large_image","twitter_misc":{"Tiempo de lectura":"1 minuto"},"schema":{"@context":"https:\/\/schema.org","@graph":[{"@type":"WebPage","@id":"https:\/\/abogadolaboralista.com.mx\/AbogadoLaboral\/about\/","url":"https:\/\/abogadolaboralista.com.mx\/AbogadoLaboral\/about\/","name":"About - Abogado laboralista","isPartOf":{"@id":"https:\/\/abogadolaboralista.com.mx\/AbogadoLaboral\/#website"},"primaryImageOfPage":{"@id":"https:\/\/abogadolaboralista.com.mx\/AbogadoLaboral\/about\/#primaryimage"},"image":{"@id":"https:\/\/abogadolaboralista.com.mx\/AbogadoLaboral\/about\/#primaryimage"},"thumbnailUrl":"https:\/\/abogadolaboralista.com.mx\/AbogadoLaboral\/wp-content\/uploads\/2024\/11\/pexels-photo-8112136-1024x683.jpeg","datePublished":"2024-11-09T20:00:46+00:00","dateModified":"2024-11-09T20:22:25+00:00","breadcrumb":{"@id":"https:\/\/abogadolaboralista.com.mx\/AbogadoLaboral\/about\/#breadcrumb"},"inLanguage":"es","potentialAction":[{"@type":"ReadAction","target":["https:\/\/abogadolaboralista.com.mx\/AbogadoLaboral\/about\/"]}]},{"@type":"ImageObject","inLanguage":"es","@id":"https:\/\/abogadolaboralista.com.mx\/AbogadoLaboral\/about\/#primaryimage","url":"https:\/\/abogadolaboralista.com.mx\/AbogadoLaboral\/wp-content\/uploads\/2024\/11\/pexels-photo-8112136-1024x683.jpeg","contentUrl":"https:\/\/abogadolaboralista.com.mx\/AbogadoLaboral\/wp-content\/uploads\/2024\/11\/pexels-photo-8112136-1024x683.jpeg"},{"@type":"BreadcrumbList","@id":"https:\/\/abogadolaboralista.com.mx\/AbogadoLaboral\/about\/#breadcrumb","itemListElement":[{"@type":"ListItem","position":1,"name":"Inicio","item":"https:\/\/abogadolaboralista.com.mx\/AbogadoLaboral\/"},{"@type":"ListItem","position":2,"name":"About"}]},{"@type":"WebSite","@id":"https:\/\/abogadolaboralista.com.mx\/AbogadoLaboral\/#website","url":"https:\/\/abogadolaboralista.com.mx\/AbogadoLaboral\/","name":"Abogado laboralista","description":"Solucionamos los problemas laborales que mas afectan a las empresas en M&eacute;xico","potentialAction":[{"@type":"SearchAction","target":{"@type":"EntryPoint","urlTemplate":"https:\/\/abogadolaboralista.com.mx\/AbogadoLaboral\/?s={search_term_string}"},"query-input":{"@type":"PropertyValueSpecification","valueRequired":true,"valueName":"search_term_string"}}],"inLanguage":"es"}]}},"uagb_featured_image_src":{"full":false,"thumbnail":false,"medium":false,"medium_large":false,"large":false,"1536x1536":false,"2048x2048":false},"uagb_author_info":{"display_name":"admin","author_link":"https:\/\/abogadolaboralista.com.mx\/AbogadoLaboral\/author\/admin\/"},"uagb_comment_info":0,"uagb_excerpt":"Expertos en Derecho Laboral En Abogado laboralista, tenemos un s\u00f3lido entendimiento de las complejidades del derecho laboral en M\u00e9xico, comprometidos [&hellip;]","_links":{"self":[{"href":"https:\/\/abogadolaboralista.com.mx\/AbogadoLaboral\/wp-json\/wp\/v2\/pages\/32","targetHints":{"allow":["GET"]}}],"collection":[{"href":"https:\/\/abogadolaboralista.com.mx\/AbogadoLaboral\/wp-json\/wp\/v2\/pages"}],"about":[{"href":"https:\/\/abogadolaboralista.com.mx\/AbogadoLaboral\/wp-json\/wp\/v2\/types\/page"}],"author":[{"embeddable":true,"href":"https:\/\/abogadolaboralista.com.mx\/AbogadoLaboral\/wp-json\/wp\/v2\/users\/1"}],"replies":[{"embeddable":true,"href":"https:\/\/abogadolaboralista.com.mx\/AbogadoLaboral\/wp-json\/wp\/v2\/comments?post=32"}],"version-history":[{"count":4,"href":"https:\/\/abogadolaboralista.com.mx\/AbogadoLaboral\/wp-json\/wp\/v2\/pages\/32\/revisions"}],"predecessor-version":[{"id":621,"href":"https:\/\/abogadolaboralista.com.mx\/AbogadoLaboral\/wp-json\/wp\/v2\/pages\/32\/revisions\/621"}],"wp:attachment":[{"href":"https:\/\/abogadolaboralista.com.mx\/AbogadoLaboral\/wp-json\/wp\/v2\/media?parent=32"}],"curies":[{"name":"wp","href":"https:\/\/api.w.org\/{rel}","templated":true}]}}