{"id":34,"date":"2024-11-09T20:00:46","date_gmt":"2024-11-09T20:00:46","guid":{"rendered":"https:\/\/abogadolaboralista.com.mx\/AbogadoLaboral\/contact\/"},"modified":"2024-11-09T20:00:58","modified_gmt":"2024-11-09T20:00:58","slug":"contact","status":"publish","type":"page","link":"https:\/\/abogadolaboralista.com.mx\/AbogadoLaboral\/contact\/","title":{"rendered":"Contact"},"content":{"rendered":"\n<div class=\"wp-block-uagb-container uagb-block-fa2f1646 alignfull uagb-is-root-container\"><div class=\"uagb-container-inner-blocks-wrap\">\n<div class=\"wp-block-uagb-advanced-heading uagb-block-d7c7726a\"><h1 class=\"uagb-heading-text\">Cont\u00e1ctanos Hoy<\/h1><\/div>\n<\/div><\/div>\n\n\n\n<div class=\"wp-block-uagb-container uagb-block-bda3d919 alignfull uagb-is-root-container\"><div class=\"uagb-container-inner-blocks-wrap\">\n<div class=\"wp-block-uagb-container uagb-block-a57be748\">\n<div class=\"wp-block-uagb-advanced-heading uagb-block-92a8ae67\"><h2 class=\"uagb-heading-text\">Estamos Aqu\u00ed<\/h2><\/div>\n\n\n\n<div class=\"wp-block-uagb-advanced-heading uagb-block-a0458cb1\"><p class=\"uagb-desc-text\">Si tienes preguntas o necesitas asistencia, no dudes en comunicarte con nosotros. Nuestro equipo est\u00e1 listo para ayudarte.<\/p><\/div>\n<\/div>\n\n\n\n<div class=\"wp-block-uagb-container uagb-block-af70e7c8 default uagb-is-root-container\">\n<div class=\"wp-block-uagb-container uagb-block-cfe075fa\">\n<div class=\"wp-block-uagb-advanced-heading uagb-block-13457138\"><div class=\"uagb-heading-text\">Direcci\u00f3n:<\/div><p class=\"uagb-desc-text\">Paseo de la Constituci\u00f3n 519, Cipreses, Quer\u00e9taro, C.P. 76125<\/p><\/div>\n\n\n\n<div class=\"wp-block-uagb-advanced-heading uagb-block-d1a1d528\"><div class=\"uagb-heading-text\">Tel\u00e9fono:<\/div><p class=\"uagb-desc-text\">4461029186<\/p><\/div>\n\n\n\n<div class=\"wp-block-uagb-advanced-heading uagb-block-2414032d\"><div class=\"uagb-heading-text\">Correo electr\u00f3nico:<\/div><p class=\"uagb-desc-text\">asesor@metalegal.mx<\/p><\/div>\n\n\n\n<div class=\"wp-block-uagb-advanced-heading uagb-block-be793bbe\"><div class=\"uagb-heading-text\">S\u00edguenos:<\/div><\/div>\n\n\n\n<div class=\"wp-block-uagb-icon-list uagb-block-729b1a26\"><div class=\"uagb-icon-list__wrap\">\n<div class=\"wp-block-uagb-icon-list-child uagb-block-74d992a6\"><a target=\"_blank\" aria-label=\"List item\" rel=\"noopener noreferrer\" href=\"#\"> <\/a><span class=\"uagb-icon-list__source-wrap\"><svg xmlns=\"https:\/\/www.w3.org\/2000\/svg\" viewBox=\"0 0 512 512\"><path d=\"M504 256C504 119 393 8 256 8S8 119 8 256c0 123.8 90.69 226.4 209.3 245V327.7h-63V256h63v-54.64c0-62.15 37-96.48 93.67-96.48 27.14 0 55.52 4.84 55.52 4.84v61h-31.28c-30.8 0-40.41 19.12-40.41 38.73V256h68.78l-11 71.69h-57.78V501C413.3 482.4 504 379.8 504 256z\"><\/path><\/svg><\/span><\/div>\n\n\n\n<div class=\"wp-block-uagb-icon-list-child uagb-block-0016bf7a\"><a target=\"_blank\" aria-label=\"List item\" rel=\"noopener noreferrer\" href=\"#\"> <\/a><span class=\"uagb-icon-list__source-wrap\"><svg xmlns=\"https:\/\/www.w3.org\/2000\/svg\" viewBox=\"0 0 448 512\"><path d=\"M224.1 141c-63.6 0-114.9 51.3-114.9 114.9s51.3 114.9 114.9 114.9S339 319.5 339 255.9 287.7 141 224.1 141zm0 189.6c-41.1 0-74.7-33.5-74.7-74.7s33.5-74.7 74.7-74.7 74.7 33.5 74.7 74.7-33.6 74.7-74.7 74.7zm146.4-194.3c0 14.9-12 26.8-26.8 26.8-14.9 0-26.8-12-26.8-26.8s12-26.8 26.8-26.8 26.8 12 26.8 26.8zm76.1 27.2c-1.7-35.9-9.9-67.7-36.2-93.9-26.2-26.2-58-34.4-93.9-36.2-37-2.1-147.9-2.1-184.9 0-35.8 1.7-67.6 9.9-93.9 36.1s-34.4 58-36.2 93.9c-2.1 37-2.1 147.9 0 184.9 1.7 35.9 9.9 67.7 36.2 93.9s58 34.4 93.9 36.2c37 2.1 147.9 2.1 184.9 0 35.9-1.7 67.7-9.9 93.9-36.2 26.2-26.2 34.4-58 36.2-93.9 2.1-37 2.1-147.8 0-184.8zM398.8 388c-7.8 19.6-22.9 34.7-42.6 42.6-29.5 11.7-99.5 9-132.1 9s-102.7 2.6-132.1-9c-19.6-7.8-34.7-22.9-42.6-42.6-11.7-29.5-9-99.5-9-132.1s-2.6-102.7 9-132.1c7.8-19.6 22.9-34.7 42.6-42.6 29.5-11.7 99.5-9 132.1-9s102.7-2.6 132.1 9c19.6 7.8 34.7 22.9 42.6 42.6 11.7 29.5 9 99.5 9 132.1s2.7 102.7-9 132.1z\"><\/path><\/svg><\/span><\/div>\n\n\n\n<div class=\"wp-block-uagb-icon-list-child uagb-block-be8c8e78\"><a target=\"_blank\" aria-label=\"List item\" rel=\"noopener noreferrer\" href=\"#\"> <\/a><span class=\"uagb-icon-list__source-wrap\"><svg xmlns=\"https:\/\/www.w3.org\/2000\/svg\" viewBox=\"0 0 512 512\"><path d=\"M459.4 151.7c.325 4.548 .325 9.097 .325 13.65 0 138.7-105.6 298.6-298.6 298.6-59.45 0-114.7-17.22-161.1-47.11 8.447 .974 16.57 1.299 25.34 1.299 49.06 0 94.21-16.57 130.3-44.83-46.13-.975-84.79-31.19-98.11-72.77 6.498 .974 12.99 1.624 19.82 1.624 9.421 0 18.84-1.3 27.61-3.573-48.08-9.747-84.14-51.98-84.14-102.1v-1.299c13.97 7.797 30.21 12.67 47.43 13.32-28.26-18.84-46.78-51.01-46.78-87.39 0-19.49 5.197-37.36 14.29-52.95 51.65 63.67 129.3 105.3 216.4 109.8-1.624-7.797-2.599-15.92-2.599-24.04 0-57.83 46.78-104.9 104.9-104.9 30.21 0 57.5 12.67 76.67 33.14 23.72-4.548 46.46-13.32 66.6-25.34-7.798 24.37-24.37 44.83-46.13 57.83 21.12-2.273 41.58-8.122 60.43-16.24-14.29 20.79-32.16 39.31-52.63 54.25z\"><\/path><\/svg><\/span><\/div>\n\n\n\n<div class=\"wp-block-uagb-icon-list-child uagb-block-37022b83\"><a target=\"_blank\" aria-label=\"List item\" rel=\"noopener noreferrer\" href=\"#\"> <\/a><span class=\"uagb-icon-list__source-wrap\"><svg xmlns=\"https:\/\/www.w3.org\/2000\/svg\" viewBox=\"0 0 576 512\"><path d=\"M549.7 124.1c-6.281-23.65-24.79-42.28-48.28-48.6C458.8 64 288 64 288 64S117.2 64 74.63 75.49c-23.5 6.322-42 24.95-48.28 48.6-11.41 42.87-11.41 132.3-11.41 132.3s0 89.44 11.41 132.3c6.281 23.65 24.79 41.5 48.28 47.82C117.2 448 288 448 288 448s170.8 0 213.4-11.49c23.5-6.321 42-24.17 48.28-47.82 11.41-42.87 11.41-132.3 11.41-132.3s0-89.44-11.41-132.3zm-317.5 213.5V175.2l142.7 81.21-142.7 81.2z\"><\/path><\/svg><\/span><\/div>\n\n\n\n<div class=\"wp-block-uagb-icon-list-child uagb-block-8c9b7315\"><a target=\"_blank\" aria-label=\"List item\" rel=\"noopener noreferrer\" href=\"#\"> <\/a><span class=\"uagb-icon-list__source-wrap\"><svg xmlns=\"https:\/\/www.w3.org\/2000\/svg\" viewBox=\"0 0 448 512\"><path d=\"M100.3 448H7.4V148.9h92.88zM53.79 108.1C24.09 108.1 0 83.5 0 53.8a53.79 53.79 0 0 1 107.6 0c0 29.7-24.1 54.3-53.79 54.3zM447.9 448h-92.68V302.4c0-34.7-.7-79.2-48.29-79.2-48.29 0-55.69 37.7-55.69 76.7V448h-92.78V148.9h89.08v40.8h1.3c12.4-23.5 42.69-48.3 87.88-48.3 94 0 111.3 61.9 111.3 142.3V448z\"><\/path><\/svg><\/span><\/div>\n<\/div><\/div>\n<\/div>\n\n\n\t\t\t<div class=\"srfm-form-container srfm-form-container-598\">\n\t\t\t<style>\n\t\t\t\t\/* Need to check and remove the input variables related to the Style Tab. *\/\n\t\t\t\t.srfm-form-container-598 {\n\t\t\t\t\t\/* New test variables *\/\n\t\t\t\t\t--srfm-color-scheme-primary: var(--ast-global-color-0);\n\t\t\t\t\t--srfm-color-scheme-text-on-primary: #FFFFFF;\n\t\t\t\t\t--srfm-color-scheme-text: var(--ast-global-color-2);\n\n\t\t\t\t\t--srfm-color-input-label: var(--ast-global-color-2);\n\t\t\t\t\t--srfm-color-input-description: hsl( from var(--ast-global-color-2) h s l \/ 0.65 );\n\t\t\t\t\t--srfm-color-input-placeholder: hsl( from var(--ast-global-color-2) h s l \/ 0.5 );\n\t\t\t\t\t--srfm-color-input-text: var(--ast-global-color-2);\n\t\t\t\t\t--srfm-color-input-prefix: hsl( from var(--ast-global-color-2) h s l \/ 0.65 );\n\t\t\t\t\t--srfm-color-input-background: hsl( from var(--ast-global-color-2) h s l \/ 0.02 );\n\t\t\t\t\t--srfm-color-input-background-hover: hsl( from var(--ast-global-color-2) h s l \/ 0.05 );\n\t\t\t\t\t--srfm-color-input-background-disabled: hsl( from var(--ast-global-color-2) h s l \/ 0.05 );\n\t\t\t\t\t--srfm-color-input-border: hsl( from var(--ast-global-color-2) h s l \/ 0.25 );\n\t\t\t\t\t--srfm-color-input-border-disabled: hsl( from var(--ast-global-color-2) h s l \/ 0.15 );\n\t\t\t\t\t--srfm-color-multi-choice-svg: hsl( from var(--ast-global-color-2) h s l \/ 0.7 );\n\t\t\t\t\t--srfm-color-input-border-hover: hsl( from var(--ast-global-color-0) h s l \/ 0.65 );\n\t\t\t\t\t--srfm-color-input-border-focus-glow: hsl( from var(--ast-global-color-0) h s l \/ 0.15 );\n\t\t\t\t\t--srfm-color-input-selected: hsl( from var(--ast-global-color-0) h s l \/ 0.1 );\n\t\t\t\t\t--srfm-btn-color-hover: hsl( from var(--ast-global-color-0) h s l \/ 0.9 );\n\t\t\t\t\t--srfm-btn-color-disabled: hsl( from var(--ast-global-color-0) h s l \/ 0.25 );\n\n\t\t\t\t\t\/* Dropdown Variables *\/\n\t\t\t\t\t--srfm-dropdown-input-background-hover: hsl( from var(--ast-global-color-2) h s l \/ 0.05 );\n\t\t\t\t\t--srfm-dropdown-option-background-hover: hsl( from var(--ast-global-color-2) h s l \/ 0.10 );\n\t\t\t\t\t--srfm-dropdown-option-background-selected: hsl( from var(--ast-global-color-2) h s l \/ 0.05 );\n\t\t\t\t\t--srfm-dropdown-option-selected-icon: hsl( from var(--ast-global-color-2) h s l \/ 0.65 );\n\t\t\t\t\t--srfm-dropdown-option-text-color: hsl( from var(--ast-global-color-2) h s l \/ 0.80 );\n\t\t\t\t\t--srfm-dropdown-option-selected-text: var(--ast-global-color-2);\n\t\t\t\t\t--srfm-dropdown-badge-background: hsl( from var(--ast-global-color-2) h s l \/ 0.05 );\n\t\t\t\t\t--srfm-dropdown-badge-background-hover: hsl( from var(--ast-global-color-2) h s l \/ 0.10 );\n\t\t\t\t\t--srfm-dropdown-menu-border-color: hsl( from var(--ast-global-color-2) h s l \/ 0.10 );\n\t\t\t\t\t--srfm-dropdown-placeholder-color: hsl( from var(--ast-global-color-2) h s l \/ 0.50 );\n\t\t\t\t\t--srfm-dropdown-icon-color: hsl( from var(--ast-global-color-2) h s l \/ 0.65 );\n\t\t\t\t\t--srfm-dropdown-icon-disabled: hsl( from var(--ast-global-color-2) h s l \/ 0.25 );\n\t\t\t\t\t--srfm-row-gap-between-blocks: 18px;--srfm-col-gap-between-fields: 16px;--srfm-row-gap-between-fields: 16px;--srfm-gap-below-address-label: 14px;--srfm-dropdown-font-size: 14px;--srfm-dropdown-gap-between-input-menu: 4px;--srfm-dropdown-badge-padding: 2px 6px;--srfm-dropdown-multiselect-font-size: 12px;--srfm-dropdown-multiselect-line-height: 16px;--srfm-dropdown-padding-right: 12px;--srfm-dropdown-padding-right-icon: calc( var( --srfm-dropdown-padding-right ) + 20px );--srfm-dropdown-multiselect-padding: 8px var( --srfm-dropdown-padding-right-icon ) 8px 8px;--srfm-input-height: 44px;--srfm-input-field-padding: 10px 12px;--srfm-input-field-font-size: 16px;--srfm-input-field-line-height: 24px;--srfm-input-field-margin: 6px 0;--srfm-check-ctn-width: 16px;--srfm-check-ctn-height: 16px;--srfm-check-svg-size: 10px;--srfm-checkbox-margin-top-frontend: 4px;--srfm-checkbox-margin-top-editor: 6px;--srfm-check-gap: 8px;--srfm-checkbox-description-margin-left: 24px;--srfm-flag-section-padding: 10px 0 10px 12px;--srfm-gap-between-icon-text: 8px;--srfm-label-font-size: 16px;--srfm-label-line-height: 24px;--srfm-description-font-size: 14px;--srfm-description-line-height: 20px;--srfm-btn-padding: 10px 14px;--srfm-btn-font-size: 16px;--srfm-btn-line-height: 24px;--srfm-multi-choice-horizontal-padding: 20px;--srfm-multi-choice-vertical-padding: 20px;--srfm-multi-choice-internal-option-gap: 8px;--srfm-multi-choice-vertical-svg-size: 40px;--srfm-multi-choice-horizontal-image-size: 24px;--srfm-multi-choice-vertical-image-size: 120px;--srfm-multi-choice-outer-padding: 2px;\t\t\t\t}\n\t\t\t<\/style>\n\t\t\t\t\t\t\t<form method=\"post\" enctype=\"multipart\/form-data\" id=\"srfm-form-598\" class=\"srfm-form \"\n\t\t\t\tform-id=\"598\" after-submission=\"hide form\" message-type=\"same page\" success-url=\"\" ajaxurl=\"https:\/\/abogadolaboralista.com.mx\/AbogadoLaboral\/wp-admin\/admin-ajax.php\" nonce=\"6c800593d2\"\n\t\t\t\t>\n\t\t\t\t<input type=\"hidden\" id=\"sureforms_form_submit\" name=\"sureforms_form_submit\" value=\"9b234ad1fb\" \/><input type=\"hidden\" name=\"_wp_http_referer\" value=\"\/AbogadoLaboral\/wp-json\/wp\/v2\/pages\/34\" \/>\n\t\t\t\t<input type=\"hidden\" value=\"598\" name=\"form-id\">\n\t\t\t\t<input type=\"hidden\" value=\"\" name=\"srfm-sender-email-field\" id=\"srfm-sender-email\">\n\t\t\t\t<input type=\"hidden\" value=\"\" id=\"srfm-page-break\">\n\t\t\t\t\t\t\t\t\t\t\t<div data-block-id=\"a0162a2e\" class=\"srfm-block-single srfm-block srfm-input-block srf-input-a0162a2e-block srfm-block-width-100 598\">\n\t\t\t<label id=\"srfm-label-a0162a2e-lbl-Tm9tYnJlIENvbXBsZXRv\" for=\"srfm-input-a0162a2e-lbl-Tm9tYnJlIENvbXBsZXRv\" class=\"srfm-block-label\">Nombre Completo<span class=\"srfm-required\" aria-label=\"Required\"><span aria-hidden=\"true\"> *<\/span><\/span><\/label>\t\t\t\t\t\t\t<div class=\"srfm-block-wrap\">\n\t\t\t\t<input class=\"srfm-input-common srfm-input-input\" type=\"text\" name=\"srfm-input-a0162a2e-lbl-Tm9tYnJlIENvbXBsZXRv-full-name\" id=\"srfm-input-a0162a2e-lbl-Tm9tYnJlIENvbXBsZXRv\"\n\t\t\t\t\taria-describedby='srfm-error-a0162a2e'\t\t\t\t\tdata-required=\"true\" data-unique=\"false\" maxlength=\"100\" value=\"\"  data-srfm-mask=\"none\"  \/>\n\t\t\t\t<\/div>\n\t\t\t\t<div class=\"srfm-error-wrap\">\n\t\t\t\t\t<div class=\"srfm-error-message\" data-srfm-id=\"srfm-error-a0162a2e\" data-error-msg=\"This field is required.\" data-unique-msg=\"Value needs to be unique.\">This field is required.<\/div>\t\t\t\t<\/div>\n\t\t\t<\/div>\n\t\t\n\n\t\t\t<div data-block-id=\"2fb69e01\" class=\"srfm-block-single srfm-block srfm-email-block-wrap srfm-block-width-100 598\">\n\t\t\t\t<div class=\"srfm-email-block srf-email-2fb69e01-block\">\n\t\t\t\t\t<label id=\"srfm-label-2fb69e01-lbl-Q29ycmVvIGVsZWN0csOzbmljbw\" for=\"srfm-email-2fb69e01-lbl-Q29ycmVvIGVsZWN0csOzbmljbw\" class=\"srfm-block-label\">Correo electr\u00f3nico<span class=\"srfm-required\" aria-label=\"Required\"><span aria-hidden=\"true\"> *<\/span><\/span><\/label>\t\t\t\t\t\t\t\t\t\t<div class=\"srfm-block-wrap\">\n\t\t\t\t\t\t<input class=\"srfm-input-common srfm-input-email\" type=\"email\" name=\"srfm-email-2fb69e01-lbl-Q29ycmVvIGVsZWN0csOzbmljbw-email\" id=\"srfm-email-2fb69e01-lbl-Q29ycmVvIGVsZWN0csOzbmljbw\"\n\t\t\t\t\t\taria-describedby='srfm-error-2fb69e01'\t\t\t\t\t\tdata-required=\"true\" data-unique=\"false\"   \/>\n\t\t\t\t\t<\/div>\n\t\t\t\t\t<div class=\"srfm-error-wrap\">\n\t\t\t\t\t\t<div class=\"srfm-error-message\" data-srfm-id=\"srfm-error-2fb69e01\" data-error-msg=\"This field is required.\" data-unique-msg=\"Value needs to be unique.\">This field is required.<\/div>\t\t\t\t\t<\/div>\n\t\t\t\t<\/div>\n\t\t\t\t\t\t\t<\/div>\n\t\t\n\n\t\t<div data-block-id=\"afd9b715\" class=\"srfm-block-single srfm-block srfm-textarea-block srf-textarea-afd9b715-block srfm-block-width-100 598\">\n\t\t\t<label id=\"srfm-label-afd9b715-lbl-TWVuc2FqZQ\" for=\"srfm-textarea-afd9b715-lbl-TWVuc2FqZQ\" class=\"srfm-block-label\">Mensaje<span class=\"srfm-required\" aria-label=\"Required\"><span aria-hidden=\"true\"> *<\/span><\/span><\/label>\t\t\t\t\t\t<div class=\"srfm-block-wrap\">\n\t\t\t\t<textarea class=\"srfm-input-common srfm-input-textarea\" name=\"srfm-textarea-afd9b715-lbl-TWVuc2FqZQ-message\" id=\"srfm-textarea-afd9b715-lbl-TWVuc2FqZQ\"\n\t\t\t\taria-describedby='srfm-error-afd9b715'\t\t\t\tdata-required=\"true\"  rows=\"4\"  ><\/textarea>\n\t\t\t<\/div>\n\t\t\t<div class=\"srfm-error-wrap\">\n\t\t\t\t<div class=\"srfm-error-message\" data-srfm-id=\"srfm-error-afd9b715\" data-error-msg=\"This field is required.\">This field is required.<\/div>\t\t\t<\/div>\n\t\t<\/div>\n\n\t\t\t\t\t\t\t\t\t\t\t\n\t\t\t\t\t\n\t\t\t\t\t<div class=\"srfm-submit-container \">\n\t\t\t\t\t\t<div style=\"width: ; text-align: left\" class=\"wp-block-button\">\n\t\t\t\t\t\t<button style=\"width:\" id=\"srfm-submit-btn\"class=\"srfm-btn-frontend srfm-button srfm-submit-button\"\n\t\t\t\t\t\t\t\t\t\t\t\t>\n\t\t\t\t\t\t\t<div class=\"srfm-submit-wrap\">\n\t\t\t\t\t\t\t\tEnviar Mensaje\t\t\t\t\t\t\t<div class=\"srfm-loader\"><\/div>\n\t\t\t\t\t\t\t<\/div>\n\t\t\t\t\t\t<\/button>\n\t\t\t\t\t\t<\/div>\n\t\t\t\t\t<\/div>\n\t\t\t\t\t\t\t\t<p id=\"srfm-error-message\" class=\"srfm-error-message\" hidden=\"true\">There was an error trying to submit your form. Please try again.<\/p>\n\t\t\t<\/form>\n\t\t\t<div class=\"srfm-single-form srfm-success-box in-page\">\n\t\t\t\t<div aria-live=\"polite\" aria-atomic=\"true\" role=\"alert\" id=\"srfm-success-message-page-598\" class=\"srfm-success-box-description\"><\/div>\n\t\t\t<\/div>\n\t\t\t\t\t\t<\/div>\n\t\t\n<\/div>\n<\/div><\/div>\n\n\n\n<div class=\"wp-block-uagb-container uagb-block-71fea0c9 alignfull uagb-is-root-container\"><div class=\"uagb-container-inner-blocks-wrap\">\n<div class=\"wp-block-uagb-info-box uagb-block-844f8cf1 uagb-infobox__content-wrap  uagb-infobox-icon-above-title uagb-infobox-image-valign-top\"><div class=\"uagb-ifb-content\"><div class=\"uagb-ifb-title-wrap\"><h2 class=\"uagb-ifb-title\">\u00bfListo para Avanzar?<\/h2><\/div><p class=\"uagb-ifb-desc\">Cont\u00e1ctanos hoy mismo y descubre c\u00f3mo podemos ayudarte a optimizar las relaciones laborales de tu empresa.<\/p><div class=\"uagb-ifb-button-wrapper wp-block-button\"><a href=\"\/contact\/\" class=\"uagb-infobox-cta-link wp-block-button__link\" target=\"_self\" rel=\"noopener noreferrer\" onclick=\"return true;\" alt=\"\"><span class=\"uagb-inline-editing\">Cont\u00e1ctanos Ahora<\/span><\/a><\/div><\/div><\/div>\n<\/div><\/div>\n","protected":false},"excerpt":{"rendered":"<p>Cont\u00e1ctanos Hoy Estamos Aqu\u00ed Si tienes preguntas o necesitas asistencia, no dudes en comunicarte con nosotros. Nuestro equipo est\u00e1 listo [&hellip;]<\/p>\n","protected":false},"author":1,"featured_media":0,"parent":0,"menu_order":0,"comment_status":"closed","ping_status":"closed","template":"","meta":{"_uag_custom_page_level_css":"","site-sidebar-layout":"default","site-content-layout":"","ast-site-content-layout":"default","site-content-style":"default","site-sidebar-style":"default","ast-global-header-display":"","ast-banner-title-visibility":"","ast-main-header-display":"","ast-hfb-above-header-display":"","ast-hfb-below-header-display":"","ast-hfb-mobile-header-display":"","site-post-title":"disabled","ast-breadcrumbs-content":"","ast-featured-img":"","footer-sml-layout":"","theme-transparent-header-meta":"enabled","adv-header-id-meta":"","stick-header-meta":"","header-above-stick-meta":"","header-main-stick-meta":"","header-below-stick-meta":"","astra-migrate-meta-layouts":"default","ast-page-background-enabled":"default","ast-page-background-meta":{"desktop":{"background-color":"var(--ast-global-color-4)","background-image":"","background-repeat":"repeat","background-position":"center center","background-size":"auto","background-attachment":"scroll","background-type":"","background-media":"","overlay-type":"","overlay-color":"","overlay-opacity":"","overlay-gradient":""},"tablet":{"background-color":"","background-image":"","background-repeat":"repeat","background-position":"center center","background-size":"auto","background-attachment":"scroll","background-type":"","background-media":"","overlay-type":"","overlay-color":"","overlay-opacity":"","overlay-gradient":""},"mobile":{"background-color":"","background-image":"","background-repeat":"repeat","background-position":"center center","background-size":"auto","background-attachment":"scroll","background-type":"","background-media":"","overlay-type":"","overlay-color":"","overlay-opacity":"","overlay-gradient":""}},"ast-content-background-meta":{"desktop":{"background-color":"var(--ast-global-color-5)","background-image":"","background-repeat":"repeat","background-position":"center center","background-size":"auto","background-attachment":"scroll","background-type":"","background-media":"","overlay-type":"","overlay-color":"","overlay-opacity":"","overlay-gradient":""},"tablet":{"background-color":"var(--ast-global-color-5)","background-image":"","background-repeat":"repeat","background-position":"center center","background-size":"auto","background-attachment":"scroll","background-type":"","background-media":"","overlay-type":"","overlay-color":"","overlay-opacity":"","overlay-gradient":""},"mobile":{"background-color":"var(--ast-global-color-5)","background-image":"","background-repeat":"repeat","background-position":"center center","background-size":"auto","background-attachment":"scroll","background-type":"","background-media":"","overlay-type":"","overlay-color":"","overlay-opacity":"","overlay-gradient":""}},"footnotes":""},"class_list":["post-34","page","type-page","status-publish","hentry"],"yoast_head":"<!-- This site is optimized with the Yoast SEO plugin v24.3 - https:\/\/yoast.com\/wordpress\/plugins\/seo\/ -->\n<title>Contact - Abogado laboralista<\/title>\n<meta name=\"robots\" content=\"index, follow, max-snippet:-1, max-image-preview:large, max-video-preview:-1\" \/>\n<link rel=\"canonical\" href=\"https:\/\/abogadolaboralista.com.mx\/AbogadoLaboral\/contact\/\" \/>\n<meta property=\"og:locale\" content=\"es_MX\" \/>\n<meta property=\"og:type\" content=\"article\" \/>\n<meta property=\"og:title\" content=\"Contact - Abogado laboralista\" \/>\n<meta property=\"og:description\" content=\"Cont\u00e1ctanos Hoy Estamos Aqu\u00ed Si tienes preguntas o necesitas asistencia, no dudes en comunicarte con nosotros. Nuestro equipo est\u00e1 listo [&hellip;]\" \/>\n<meta property=\"og:url\" content=\"https:\/\/abogadolaboralista.com.mx\/AbogadoLaboral\/contact\/\" \/>\n<meta property=\"og:site_name\" content=\"Abogado laboralista\" \/>\n<meta property=\"article:modified_time\" content=\"2024-11-09T20:00:58+00:00\" \/>\n<meta name=\"twitter:card\" content=\"summary_large_image\" \/>\n<script type=\"application\/ld+json\" class=\"yoast-schema-graph\">{\"@context\":\"https:\/\/schema.org\",\"@graph\":[{\"@type\":\"WebPage\",\"@id\":\"https:\/\/abogadolaboralista.com.mx\/AbogadoLaboral\/contact\/\",\"url\":\"https:\/\/abogadolaboralista.com.mx\/AbogadoLaboral\/contact\/\",\"name\":\"Contact - Abogado laboralista\",\"isPartOf\":{\"@id\":\"https:\/\/abogadolaboralista.com.mx\/AbogadoLaboral\/#website\"},\"datePublished\":\"2024-11-09T20:00:46+00:00\",\"dateModified\":\"2024-11-09T20:00:58+00:00\",\"breadcrumb\":{\"@id\":\"https:\/\/abogadolaboralista.com.mx\/AbogadoLaboral\/contact\/#breadcrumb\"},\"inLanguage\":\"es\",\"potentialAction\":[{\"@type\":\"ReadAction\",\"target\":[\"https:\/\/abogadolaboralista.com.mx\/AbogadoLaboral\/contact\/\"]}]},{\"@type\":\"BreadcrumbList\",\"@id\":\"https:\/\/abogadolaboralista.com.mx\/AbogadoLaboral\/contact\/#breadcrumb\",\"itemListElement\":[{\"@type\":\"ListItem\",\"position\":1,\"name\":\"Inicio\",\"item\":\"https:\/\/abogadolaboralista.com.mx\/AbogadoLaboral\/\"},{\"@type\":\"ListItem\",\"position\":2,\"name\":\"Contact\"}]},{\"@type\":\"WebSite\",\"@id\":\"https:\/\/abogadolaboralista.com.mx\/AbogadoLaboral\/#website\",\"url\":\"https:\/\/abogadolaboralista.com.mx\/AbogadoLaboral\/\",\"name\":\"Abogado laboralista\",\"description\":\"Solucionamos los problemas laborales que mas afectan a las empresas en M&eacute;xico\",\"potentialAction\":[{\"@type\":\"SearchAction\",\"target\":{\"@type\":\"EntryPoint\",\"urlTemplate\":\"https:\/\/abogadolaboralista.com.mx\/AbogadoLaboral\/?s={search_term_string}\"},\"query-input\":{\"@type\":\"PropertyValueSpecification\",\"valueRequired\":true,\"valueName\":\"search_term_string\"}}],\"inLanguage\":\"es\"}]}<\/script>\n<!-- \/ Yoast SEO plugin. -->","yoast_head_json":{"title":"Contact - Abogado laboralista","robots":{"index":"index","follow":"follow","max-snippet":"max-snippet:-1","max-image-preview":"max-image-preview:large","max-video-preview":"max-video-preview:-1"},"canonical":"https:\/\/abogadolaboralista.com.mx\/AbogadoLaboral\/contact\/","og_locale":"es_MX","og_type":"article","og_title":"Contact - Abogado laboralista","og_description":"Cont\u00e1ctanos Hoy Estamos Aqu\u00ed Si tienes preguntas o necesitas asistencia, no dudes en comunicarte con nosotros. Nuestro equipo est\u00e1 listo [&hellip;]","og_url":"https:\/\/abogadolaboralista.com.mx\/AbogadoLaboral\/contact\/","og_site_name":"Abogado laboralista","article_modified_time":"2024-11-09T20:00:58+00:00","twitter_card":"summary_large_image","schema":{"@context":"https:\/\/schema.org","@graph":[{"@type":"WebPage","@id":"https:\/\/abogadolaboralista.com.mx\/AbogadoLaboral\/contact\/","url":"https:\/\/abogadolaboralista.com.mx\/AbogadoLaboral\/contact\/","name":"Contact - Abogado laboralista","isPartOf":{"@id":"https:\/\/abogadolaboralista.com.mx\/AbogadoLaboral\/#website"},"datePublished":"2024-11-09T20:00:46+00:00","dateModified":"2024-11-09T20:00:58+00:00","breadcrumb":{"@id":"https:\/\/abogadolaboralista.com.mx\/AbogadoLaboral\/contact\/#breadcrumb"},"inLanguage":"es","potentialAction":[{"@type":"ReadAction","target":["https:\/\/abogadolaboralista.com.mx\/AbogadoLaboral\/contact\/"]}]},{"@type":"BreadcrumbList","@id":"https:\/\/abogadolaboralista.com.mx\/AbogadoLaboral\/contact\/#breadcrumb","itemListElement":[{"@type":"ListItem","position":1,"name":"Inicio","item":"https:\/\/abogadolaboralista.com.mx\/AbogadoLaboral\/"},{"@type":"ListItem","position":2,"name":"Contact"}]},{"@type":"WebSite","@id":"https:\/\/abogadolaboralista.com.mx\/AbogadoLaboral\/#website","url":"https:\/\/abogadolaboralista.com.mx\/AbogadoLaboral\/","name":"Abogado laboralista","description":"Solucionamos los problemas laborales que mas afectan a las empresas en M&eacute;xico","potentialAction":[{"@type":"SearchAction","target":{"@type":"EntryPoint","urlTemplate":"https:\/\/abogadolaboralista.com.mx\/AbogadoLaboral\/?s={search_term_string}"},"query-input":{"@type":"PropertyValueSpecification","valueRequired":true,"valueName":"search_term_string"}}],"inLanguage":"es"}]}},"uagb_featured_image_src":{"full":false,"thumbnail":false,"medium":false,"medium_large":false,"large":false,"1536x1536":false,"2048x2048":false},"uagb_author_info":{"display_name":"admin","author_link":"https:\/\/abogadolaboralista.com.mx\/AbogadoLaboral\/author\/admin\/"},"uagb_comment_info":0,"uagb_excerpt":"Cont\u00e1ctanos Hoy Estamos Aqu\u00ed Si tienes preguntas o necesitas asistencia, no dudes en comunicarte con nosotros. Nuestro equipo est\u00e1 listo [&hellip;]","_links":{"self":[{"href":"https:\/\/abogadolaboralista.com.mx\/AbogadoLaboral\/wp-json\/wp\/v2\/pages\/34","targetHints":{"allow":["GET"]}}],"collection":[{"href":"https:\/\/abogadolaboralista.com.mx\/AbogadoLaboral\/wp-json\/wp\/v2\/pages"}],"about":[{"href":"https:\/\/abogadolaboralista.com.mx\/AbogadoLaboral\/wp-json\/wp\/v2\/types\/page"}],"author":[{"embeddable":true,"href":"https:\/\/abogadolaboralista.com.mx\/AbogadoLaboral\/wp-json\/wp\/v2\/users\/1"}],"replies":[{"embeddable":true,"href":"https:\/\/abogadolaboralista.com.mx\/AbogadoLaboral\/wp-json\/wp\/v2\/comments?post=34"}],"version-history":[{"count":2,"href":"https:\/\/abogadolaboralista.com.mx\/AbogadoLaboral\/wp-json\/wp\/v2\/pages\/34\/revisions"}],"predecessor-version":[{"id":614,"href":"https:\/\/abogadolaboralista.com.mx\/AbogadoLaboral\/wp-json\/wp\/v2\/pages\/34\/revisions\/614"}],"wp:attachment":[{"href":"https:\/\/abogadolaboralista.com.mx\/AbogadoLaboral\/wp-json\/wp\/v2\/media?parent=34"}],"curies":[{"name":"wp","href":"https:\/\/api.w.org\/{rel}","templated":true}]}}